{"id":277,"date":"2013-02-14T10:51:05","date_gmt":"2013-02-14T10:51:05","guid":{"rendered":"http:\/\/www.limpinho.org\/?page_id=277"},"modified":"2013-02-14T10:51:05","modified_gmt":"2013-02-14T10:51:05","slug":"solucoes-exame-categoria-ap-imtt","status":"publish","type":"page","link":"https:\/\/www.limpinho.org\/?page_id=277","title":{"rendered":"Solu\u00e7\u00f5es Exame Categoria AP &#8211; IMTT"},"content":{"rendered":"<p>J\u00e1 \u00e1 algum tempo que gostava de obter a carta de motociclo (Categoria AP), depois de me inscrever numa escola da minha \u00e1rea de resid\u00eancia (at\u00e9 agora uma excelente escola, real\u00e7o a import\u00e2ncia dos instrutores para a categoria da escola :)).<\/p>\n<p>Depois de algumas aulas fui informado de que as perguntas para o exame final estavam dispon\u00edveis no site do\u00a0<a href=\"http:\/\/www.imtt.pt\/sites\/IMTT\/Portugues\/Condutores\/PerguntasExames\/Categoria5\/Paginas\/Categoria5.aspx\" target=\"_blank\">IMTT<\/a>\u00a0para download. Tentei esclarecer todas as d\u00favidas e fui editando os PDF &#8216;s do IMTT com as poss\u00edveis respostas correctas. Felizmente hoje fui aprovado no exame de c\u00f3digo e disponho online a minha opini\u00e3o sobre as respostas \u00e1s perguntas que o IMTT nos apresenta.<\/p>\n<p><a href=\"http:\/\/www.limpinho.org\/wp-content\/uploads\/2009\/02\/cat_a-a_i-5100resolvido.pdf\">A I &#8211; Equipamento de Protec\u00e7\u00e3o<\/a><\/p>\n<p><a href=\"http:\/\/www.limpinho.org\/wp-content\/uploads\/2009\/02\/cat_a-a_ii-5200resolvido.pdf\">A II &#8211; Visibilidade relativamente aos outros utentes da via<\/a><\/p>\n<p><a href=\"http:\/\/www.limpinho.org\/wp-content\/uploads\/2009\/02\/cat_a-a_iii-5300resolvido.pdf\">A III &#8211; Classifica\u00e7\u00e3o das vias<\/a><\/p>\n<p><a href=\"http:\/\/www.limpinho.org\/wp-content\/uploads\/2009\/02\/cat_a-a_iv-5400resolvido.pdf\">A IV &#8211; Constituintes do ve\u00edculo<\/a><\/p>\n<p>Aten\u00e7\u00e3o o uso destes documentos \u00e9 da exclusiva responsabilidade de cada um! As respostas dadas s\u00e3o apenas opini\u00f5es!<\/p>\n<p>Que foram no entanto discutidas!<\/p>\n","protected":false},"excerpt":{"rendered":"<p>J\u00e1 \u00e1 algum tempo que gostava de obter a carta de motociclo (Categoria AP), depois de me inscrever numa escola da minha \u00e1rea de resid\u00eancia (at\u00e9 agora uma excelente escola, real\u00e7o a import\u00e2ncia dos instrutores para a categoria da escola &hellip; <a href=\"https:\/\/www.limpinho.org\/?page_id=277\">Continuar a ler <span class=\"meta-nav\">&rarr;<\/span><\/a><\/p>\n","protected":false},"author":1,"featured_media":0,"parent":0,"menu_order":0,"comment_status":"open","ping_status":"open","template":"","meta":{"footnotes":""},"class_list":["post-277","page","type-page","status-publish","hentry"],"_links":{"self":[{"href":"https:\/\/www.limpinho.org\/index.php?rest_route=\/wp\/v2\/pages\/277","targetHints":{"allow":["GET"]}}],"collection":[{"href":"https:\/\/www.limpinho.org\/index.php?rest_route=\/wp\/v2\/pages"}],"about":[{"href":"https:\/\/www.limpinho.org\/index.php?rest_route=\/wp\/v2\/types\/page"}],"author":[{"embeddable":true,"href":"https:\/\/www.limpinho.org\/index.php?rest_route=\/wp\/v2\/users\/1"}],"replies":[{"embeddable":true,"href":"https:\/\/www.limpinho.org\/index.php?rest_route=%2Fwp%2Fv2%2Fcomments&post=277"}],"version-history":[{"count":2,"href":"https:\/\/www.limpinho.org\/index.php?rest_route=\/wp\/v2\/pages\/277\/revisions"}],"predecessor-version":[{"id":279,"href":"https:\/\/www.limpinho.org\/index.php?rest_route=\/wp\/v2\/pages\/277\/revisions\/279"}],"wp:attachment":[{"href":"https:\/\/www.limpinho.org\/index.php?rest_route=%2Fwp%2Fv2%2Fmedia&parent=277"}],"curies":[{"name":"wp","href":"https:\/\/api.w.org\/{rel}","templated":true}]}}